{"id":31,"date":"2021-02-11T14:27:38","date_gmt":"2021-02-11T14:27:38","guid":{"rendered":"https:\/\/asconiwinery.com\/?page_id=31"},"modified":"2021-06-20T17:34:10","modified_gmt":"2021-06-20T17:34:10","slug":"vinaria","status":"publish","type":"page","link":"https:\/\/asconiwinery.com\/ro\/vinaria\/","title":{"rendered":"VIN\u0102RIA"},"content":{"rendered":"<p>[et_pb_section fb_built=&#8221;1&#8243; fullwidth=&#8221;on&#8221; _builder_version=&#8221;4.9.3&#8243; _module_preset=&#8221;default&#8221;][et_pb_fullwidth_image src=&#8221;https:\/\/asconiwinery.com\/wp-content\/uploads\/2021\/04\/VINARIA-asconi-winery-v-1-a-II-scaled.jpg&#8221; title_text=&#8221;VINARIA-asconi-winery-v-1-a-II&#8221; _builder_version=&#8221;4.9.4&#8243; _module_preset=&#8221;default&#8221; background_image=&#8221;https:\/\/asconiwinery.com\/wp-content\/uploads\/2021\/04\/VINARIA-asconi-winery-v-1-a.jpg&#8221; parallax=&#8221;on&#8221;][\/et_pb_fullwidth_image][\/et_pb_section][et_pb_section fb_built=&#8221;1&#8243; _builder_version=&#8221;4.9.3&#8243; _module_preset=&#8221;default&#8221; custom_margin=&#8221;||||false|false&#8221; custom_padding=&#8221;0px||0px||false|false&#8221;][et_pb_row _builder_version=&#8221;4.9.3&#8243; _module_preset=&#8221;default&#8221; custom_margin=&#8221;0px||0px||false|false&#8221; custom_padding=&#8221;0px||0px||false|false&#8221;][et_pb_column type=&#8221;4_4&#8243; _builder_version=&#8221;4.9.3&#8243; _module_preset=&#8221;default&#8221;][et_pb_blurb url=&#8221;#vinaria&#8221; use_icon=&#8221;on&#8221; font_icon=&#8221;%%18%%&#8221; icon_color=&#8221;#FFFFFF&#8221; use_icon_font_size=&#8221;on&#8221; icon_font_size=&#8221;50px&#8221; _builder_version=&#8221;4.9.3&#8243; _module_preset=&#8221;default&#8221; custom_margin=&#8221;-60px||0px||false|false&#8221; custom_margin_tablet=&#8221;&#8221; custom_margin_phone=&#8221;&#8221; custom_margin_last_edited=&#8221;on|phone&#8221; custom_padding=&#8221;0px||0px||false|false&#8221; animation_style=&#8221;bounce&#8221; animation_duration=&#8221;2500ms&#8221; animation_speed_curve=&#8221;ease&#8221; animation_repeat=&#8221;loop&#8221;][\/et_pb_blurb][\/et_pb_column][\/et_pb_row][\/et_pb_section][et_pb_section fb_built=&#8221;1&#8243; _builder_version=&#8221;4.9.2&#8243; _module_preset=&#8221;default&#8221; custom_padding=&#8221;60px||75px||false|false&#8221;][et_pb_row _builder_version=&#8221;4.9.2&#8243; _module_preset=&#8221;default&#8221; custom_margin=&#8221;||||false|false&#8221; custom_padding=&#8221;25px||25px||false|false&#8221;][et_pb_column type=&#8221;4_4&#8243; _builder_version=&#8221;4.9.0&#8243; _module_preset=&#8221;default&#8221;][et_pb_image src=&#8221;https:\/\/asconiwinery.com\/wp-content\/uploads\/2021\/03\/Asconi-Winery-Divider.svg&#8221; title_text=&#8221;Asconi-Winery-Divider&#8221; _builder_version=&#8221;4.9.1&#8243; _module_preset=&#8221;default&#8221; width=&#8221;6.5%&#8221; width_tablet=&#8221;10%&#8221; width_phone=&#8221;15%&#8221; width_last_edited=&#8221;on|phone&#8221; module_alignment=&#8221;center&#8221;][\/et_pb_image][\/et_pb_column][\/et_pb_row][et_pb_row _builder_version=&#8221;4.9.3&#8243; _module_preset=&#8221;default&#8221;][et_pb_column type=&#8221;4_4&#8243; _builder_version=&#8221;4.9.0&#8243; _module_preset=&#8221;default&#8221;][et_pb_cta title=&#8221;Vin\u0103ria&#8221; button_url=&#8221;#CONTACT-RO&#8221; _builder_version=&#8221;4.9.4&#8243; _module_preset=&#8221;default&#8221; header_font=&#8221;Nunito||||||||&#8221; header_text_color=&#8221;#000000&#8243; header_font_size=&#8221;50px&#8221; body_font=&#8221;|300|||||||&#8221; body_text_color=&#8221;#000000&#8243; body_font_size=&#8221;17px&#8221; background_color=&#8221;RGBA(0,0,0,0)&#8221; custom_button=&#8221;on&#8221; button_text_size=&#8221;15px&#8221; button_text_color=&#8221;#FFFFFF&#8221; button_bg_color=&#8221;#b9523b&#8221; button_border_width=&#8221;15px&#8221; button_border_color=&#8221;#b9523b&#8221; button_border_radius=&#8221;0px&#8221; button_font=&#8221;Nunito||||||||&#8221; button_alignment=&#8221;center&#8221; background_layout=&#8221;light&#8221; custom_padding=&#8221;0px||0px||false|false&#8221; hover_enabled=&#8221;0&#8243; header_font_size_tablet=&#8221;40px&#8221; header_font_size_phone=&#8221;30px&#8221; header_font_size_last_edited=&#8221;on|phone&#8221; custom_css_promo_description=&#8221;padding-bottom: 0px !important;&#8221; sticky_enabled=&#8221;0&#8243;][\/et_pb_cta][\/et_pb_column][\/et_pb_row][et_pb_row _builder_version=&#8221;4.9.2&#8243; _module_preset=&#8221;default&#8221; custom_margin=&#8221;||||false|false&#8221; custom_padding=&#8221;25px||25px||false|false&#8221;][et_pb_column type=&#8221;4_4&#8243; _builder_version=&#8221;4.9.0&#8243; _module_preset=&#8221;default&#8221;][et_pb_image src=&#8221;https:\/\/asconiwinery.com\/wp-content\/uploads\/2021\/03\/Asconi-Winery-Divider.svg&#8221; title_text=&#8221;Asconi-Winery-Divider&#8221; _builder_version=&#8221;4.9.1&#8243; _module_preset=&#8221;default&#8221; width=&#8221;6.5%&#8221; width_tablet=&#8221;10%&#8221; width_phone=&#8221;15%&#8221; width_last_edited=&#8221;on|phone&#8221; module_alignment=&#8221;center&#8221;][\/et_pb_image][\/et_pb_column][\/et_pb_row][\/et_pb_section][et_pb_section fb_built=&#8221;1&#8243; custom_padding_last_edited=&#8221;on|tablet&#8221; module_id=&#8221;vinaria&#8221; _builder_version=&#8221;4.9.3&#8243; _module_preset=&#8221;default&#8221; custom_margin=&#8221;||||false|false&#8221; custom_padding=&#8221;0px||100px||false|false&#8221; custom_padding_tablet=&#8221;0px||50px||false|false&#8221; custom_padding_phone=&#8221;0px||33px||false|false&#8221;][et_pb_row column_structure=&#8221;1_2,1_2&#8243; _builder_version=&#8221;4.9.0&#8243; _module_preset=&#8221;default&#8221; width=&#8221;70%&#8221; max_width=&#8221;100%&#8221; module_alignment=&#8221;center&#8221; custom_padding=&#8221;0px||0px|||&#8221;][et_pb_column type=&#8221;1_2&#8243; _builder_version=&#8221;4.9.0&#8243; _module_preset=&#8221;default&#8221;][et_pb_text _builder_version=&#8221;4.9.4&#8243; _module_preset=&#8221;default&#8221; text_font=&#8221;Nunito||||||||&#8221; text_text_color=&#8221;#000000&#8243; text_font_size=&#8221;50px&#8221; text_line_height=&#8221;1.2em&#8221; header_font=&#8221;Nunito||||||||&#8221; header_font_size=&#8221;55px&#8221; scroll_horizontal_motion=&#8221;0|50|100|100|4|0|-4&#8243; scroll_fade=&#8221;0|25|70|100|0|100|100&#8243; hover_enabled=&#8221;0&#8243; text_font_size_tablet=&#8221;40px&#8221; text_font_size_phone=&#8221;30px&#8221; text_font_size_last_edited=&#8221;on|phone&#8221; header_2_font=&#8221;Nunito||||||||&#8221; header_2_font_size=&#8221;50px&#8221; sticky_enabled=&#8221;0&#8243; header_2_font_size_last_edited=&#8221;on|phone&#8221; header_2_font_size_phone=&#8221;30px&#8221;]<\/p>\n<h2>Podgoriile<\/h2>\n<p>[\/et_pb_text][et_pb_text _builder_version=&#8221;4.9.4&#8243; _module_preset=&#8221;default&#8221; text_font=&#8221;Roboto|300|||||||&#8221; text_text_color=&#8221;#000000&#8243; text_font_size=&#8221;17px&#8221; text_line_height=&#8221;1.8em&#8221; text_orientation=&#8221;justified&#8221; custom_padding=&#8221;||||false|false&#8221;]<\/p>\n<p>Inima vin\u0103riei \u0219i ingredientul esen\u021bial al unui vin bun \u00eel constituie strugurii. \u00cen decursul ultimilor 10 ani, am plantat peste 550 de hectare de vi\u021b\u0103 de vie, g\u0103sind solul perfect pentru podgoriile noastre la doar 10 kilometri de vin\u0103rie, \u00een vecin\u0103tatea satului Geam\u0103na, raionul Anenii Noi.<\/p>\n<p>La baza vinurilor noastre stau soiurile de struguri precum Cabernet Sauvignon, Merlot, Chardonnay, Sauvignon Blanc \u0219i Muscat. De asemenea, mai avem plantate soiuri celebre cum ar fi Riesling, Malbec, Pinot Noir precum \u0219i trei soiuri locale &#8211; Feteasca Alb\u0103, Feteasca Neagr\u0103 \u0219i Rar\u0103 Neagr\u0103. P\u00e2n\u0103 \u00een anul 2022, ne-am propus s\u0103 \u00eenlocuim unele dintre vi\u021bele de vie existente \u0219i s\u0103 mai plant\u0103m noi soiuri pentru a \u00eembog\u0103\u021bi colec\u021bia noastr\u0103.<\/p>\n<p>[\/et_pb_text][\/et_pb_column][et_pb_column type=&#8221;1_2&#8243; _builder_version=&#8221;4.9.0&#8243; _module_preset=&#8221;default&#8221;][et_pb_image src=&#8221;https:\/\/asconiwinery.com\/wp-content\/uploads\/2021\/02\/asconi-winery-v-1-c.jpg&#8221; title_text=&#8221;asconi-winery-v-1-c&#8221; _builder_version=&#8221;4.9.0&#8243; _module_preset=&#8221;default&#8221; background_enable_color=&#8221;off&#8221; scroll_vertical_motion=&#8221;0|0|40|100|5|0|-5&#8243; box_shadow_style=&#8221;preset3&#8243; box_shadow_vertical=&#8221;5px&#8221; box_shadow_blur=&#8221;20px&#8221; box_shadow_color=&#8221;RGBA(0,0,0,0)&#8221; box_shadow_blur_tablet=&#8221;&#8221; box_shadow_blur_phone=&#8221;&#8221; box_shadow_blur_last_edited=&#8221;on|desktop&#8221;][\/et_pb_image][\/et_pb_column][\/et_pb_row][\/et_pb_section][et_pb_section fb_built=&#8221;1&#8243; _builder_version=&#8221;4.9.2&#8243; _module_preset=&#8221;default&#8221; custom_margin=&#8221;||||true|false&#8221; custom_padding=&#8221;0px||0px||false|false&#8221;][et_pb_row column_structure=&#8221;1_2,1_2&#8243; _builder_version=&#8221;4.9.0&#8243; _module_preset=&#8221;default&#8221; width=&#8221;70%&#8221; max_width=&#8221;100%&#8221; module_alignment=&#8221;center&#8221; custom_margin=&#8221;|auto|100px|auto||&#8221; custom_padding=&#8221;0px||0px|||&#8221;][et_pb_column type=&#8221;1_2&#8243; _builder_version=&#8221;4.9.0&#8243; _module_preset=&#8221;default&#8221;][et_pb_image src=&#8221;https:\/\/asconiwinery.com\/wp-content\/uploads\/2021\/03\/asconi-winery-vinaria-3.jpg&#8221; title_text=&#8221;asconi-winery-vinaria-3&#8243; _builder_version=&#8221;4.9.2&#8243; _module_preset=&#8221;default&#8221; background_enable_color=&#8221;off&#8221; scroll_vertical_motion=&#8221;0|0|40|100|5|0|-5&#8243; box_shadow_style=&#8221;preset3&#8243; box_shadow_vertical=&#8221;5px&#8221; box_shadow_blur=&#8221;20px&#8221; box_shadow_color=&#8221;RGBA(0,0,0,0)&#8221; box_shadow_blur_tablet=&#8221;&#8221; box_shadow_blur_phone=&#8221;&#8221; box_shadow_blur_last_edited=&#8221;on|desktop&#8221;][\/et_pb_image][\/et_pb_column][et_pb_column type=&#8221;1_2&#8243; _builder_version=&#8221;4.9.0&#8243; _module_preset=&#8221;default&#8221;][et_pb_text _builder_version=&#8221;4.9.4&#8243; _module_preset=&#8221;default&#8221; text_font=&#8221;Nunito||||||||&#8221; text_text_color=&#8221;#000000&#8243; text_font_size=&#8221;50px&#8221; text_line_height=&#8221;1.2em&#8221; header_font=&#8221;Nunito||||||||&#8221; header_font_size=&#8221;55px&#8221; scroll_horizontal_motion=&#8221;0|50|100|100|4|0|-4&#8243; scroll_fade=&#8221;0|25|70|100|0|100|100&#8243; text_font_size_tablet=&#8221;40px&#8221; text_font_size_phone=&#8221;30px&#8221; text_font_size_last_edited=&#8221;on|phone&#8221; header_2_font=&#8221;Nunito||||||||&#8221; header_2_font_size=&#8221;50px&#8221; sticky_enabled=&#8221;0&#8243; header_2_font_size_phone=&#8221;30px&#8221; header_2_font_size_last_edited=&#8221;on|phone&#8221; hover_enabled=&#8221;0&#8243;]<\/p>\n<h2>Producerea<\/h2>\n<p>[\/et_pb_text][et_pb_text _builder_version=&#8221;4.9.4&#8243; _module_preset=&#8221;default&#8221; text_font=&#8221;Roboto|300|||||||&#8221; text_text_color=&#8221;#000000&#8243; text_font_size=&#8221;17px&#8221; text_line_height=&#8221;1.8em&#8221; text_orientation=&#8221;justified&#8221; custom_padding=&#8221;||||false|false&#8221;]<\/p>\n<p>Utiliz\u00e2nd tehnologii italiene de ultim\u0103 genera\u021bie, Asconi Winery produce peste trei milioane de sticle anual, oferind o varietate larg\u0103 de vinuri de mas\u0103, vinuri de desert \u0219i spumante, majoritatea fiind albe \u0219i ro\u0219ii. De asemenea, vin\u0103ria produce \u00een cantit\u0103\u021bi exclusive variet\u0103\u021bi de ros\u00e9-uri. Calitatea vinurilor noastre se datoreaz\u0103 nu doar soiurilor cultivate cu grij\u0103, dar \u0219i tehnologiilor de prelucrare. Utiliz\u0103m rezervoare din o\u021bel inoxidabil cu capacit\u0103\u021bi \u00eentre 30,000 60,000 \u0219i 150,000 de litri pentru fermentare \u0219i stocare, concentrator de must* \u0219i o linie de \u00eembuteliere de ultim\u0103 genera\u021bie cu o vitez\u0103 de opt mii de sticle pe or\u0103. To\u021bi ace\u0219ti factori contribuie la calitatea vinurilor noastre.<\/p>\n<p>Produc\u021bia Asconi Winery este prezent\u0103 pe 5 continente, acoperind peste 25 de pie\u021be interna\u021bionale, printre care Republica Ceh\u0103, Rom\u00e2nia, Polonia, Olanda, Canada, Marea Britanie, SUA, China, Japonia, Israel, Kazahstan, Nigeria, Tanzania \u0219i Australia.<\/p>\n<p><em>*Acest echipament, unic \u00een Moldova, este utilizat la producerea mustului concentrat de struguri iar mai apoi la producerea vinului demisec, demidulce \u0219i dulce. Acesta permite ob\u021binerea mustului concentrat de cea mai \u00eenalt\u0103 calitate datorit\u0103 principiului s\u0103u de func\u021bionare \u0219i anume prin vacuumarea \u0219i condensarea la intervalul de 20-30 grade celsius, astfel p\u0103str\u00e2nd aromele primare ale strugurilor.<\/em><\/p>\n<p>[\/et_pb_text][\/et_pb_column][\/et_pb_row][et_pb_row _builder_version=&#8221;4.9.0&#8243; _module_preset=&#8221;default&#8221; width=&#8221;70%&#8221; max_width=&#8221;100%&#8221; module_alignment=&#8221;center&#8221; custom_padding=&#8221;0px||0px|||&#8221;][et_pb_column type=&#8221;4_4&#8243; _builder_version=&#8221;4.9.0&#8243; _module_preset=&#8221;default&#8221;][et_pb_slider _builder_version=&#8221;4.9.2&#8243; _module_preset=&#8221;default&#8221; background_color=&#8221;RGBA(0,0,0,0)&#8221; module_alignment=&#8221;center&#8221; content_width=&#8221;236%&#8221; auto=&#8221;on&#8221; auto_speed=&#8221;5500&#8243;][et_pb_slide admin_title=&#8221;1&#8243; _builder_version=&#8221;4.9.2&#8243; _module_preset=&#8221;default&#8221; background_enable_color=&#8221;off&#8221; background_image=&#8221;https:\/\/asconiwinery.com\/wp-content\/uploads\/2021\/03\/asconi-winery-producerea-5.jpg&#8221; background_enable_image=&#8221;on&#8221; background_size=&#8221;contain&#8221; sticky_transition=&#8221;on&#8221;][\/et_pb_slide][et_pb_slide admin_title=&#8221;2&#8243; _builder_version=&#8221;4.9.2&#8243; _module_preset=&#8221;default&#8221; background_enable_color=&#8221;off&#8221; background_image=&#8221;https:\/\/asconiwinery.com\/wp-content\/uploads\/2021\/03\/asconi-winery-vinaria-4.2.jpg&#8221; background_enable_image=&#8221;on&#8221; background_size=&#8221;contain&#8221; sticky_transition=&#8221;on&#8221;][\/et_pb_slide][et_pb_slide admin_title=&#8221;3&#8243; _builder_version=&#8221;4.9.2&#8243; _module_preset=&#8221;default&#8221; background_enable_color=&#8221;off&#8221; background_image=&#8221;https:\/\/asconiwinery.com\/wp-content\/uploads\/2021\/03\/asconi-winery-vinaria-4.3.jpg&#8221; background_enable_image=&#8221;on&#8221; background_size=&#8221;contain&#8221; sticky_transition=&#8221;on&#8221;][\/et_pb_slide][et_pb_slide admin_title=&#8221;4&#8243; _builder_version=&#8221;4.9.2&#8243; _module_preset=&#8221;default&#8221; background_enable_color=&#8221;off&#8221; background_image=&#8221;https:\/\/asconiwinery.com\/wp-content\/uploads\/2021\/03\/asconi-winery-vinaria-4.4.jpeg&#8221; background_enable_image=&#8221;on&#8221; background_size=&#8221;contain&#8221; sticky_transition=&#8221;on&#8221;][\/et_pb_slide][et_pb_slide admin_title=&#8221;5&#8243; _builder_version=&#8221;4.9.2&#8243; _module_preset=&#8221;default&#8221; background_enable_color=&#8221;off&#8221; background_image=&#8221;https:\/\/asconiwinery.com\/wp-content\/uploads\/2021\/03\/asconi-winery-vinaria-4.5.jpeg&#8221; background_enable_image=&#8221;on&#8221; background_size=&#8221;contain&#8221; sticky_transition=&#8221;on&#8221;][\/et_pb_slide][et_pb_slide admin_title=&#8221;6&#8243; _builder_version=&#8221;4.9.2&#8243; _module_preset=&#8221;default&#8221; background_enable_color=&#8221;off&#8221; background_image=&#8221;https:\/\/asconiwinery.com\/wp-content\/uploads\/2021\/03\/asconi-winery-vinaria-4.6.jpg&#8221; background_enable_image=&#8221;on&#8221; background_size=&#8221;contain&#8221; sticky_transition=&#8221;on&#8221;][\/et_pb_slide][et_pb_slide admin_title=&#8221;7&#8243; _builder_version=&#8221;4.9.2&#8243; _module_preset=&#8221;default&#8221; background_enable_color=&#8221;off&#8221; background_image=&#8221;https:\/\/asconiwinery.com\/wp-content\/uploads\/2021\/03\/asconi-winery-vinaria-4.7.jpg&#8221; background_enable_image=&#8221;on&#8221; background_size=&#8221;contain&#8221; sticky_transition=&#8221;on&#8221;][\/et_pb_slide][\/et_pb_slider][\/et_pb_column][\/et_pb_row][\/et_pb_section][et_pb_section fb_built=&#8221;1&#8243; _builder_version=&#8221;4.9.0&#8243; _module_preset=&#8221;default&#8221; custom_padding=&#8221;75px||75px|||&#8221;][et_pb_row _builder_version=&#8221;4.9.0&#8243; _module_preset=&#8221;default&#8221; custom_margin=&#8221;||||false|false&#8221; custom_padding=&#8221;25px||25px||false|false&#8221;][et_pb_column type=&#8221;4_4&#8243; _builder_version=&#8221;4.9.0&#8243; _module_preset=&#8221;default&#8221;][et_pb_image src=&#8221;https:\/\/asconiwinery.com\/wp-content\/uploads\/2021\/03\/Asconi-Winery-Divider.svg&#8221; title_text=&#8221;Asconi-Winery-Divider&#8221; _builder_version=&#8221;4.9.1&#8243; _module_preset=&#8221;default&#8221; width=&#8221;6.5%&#8221; width_tablet=&#8221;10%&#8221; width_phone=&#8221;15%&#8221; width_last_edited=&#8221;on|phone&#8221; module_alignment=&#8221;center&#8221;][\/et_pb_image][\/et_pb_column][\/et_pb_row][et_pb_row _builder_version=&#8221;4.9.2&#8243; _module_preset=&#8221;default&#8221; custom_padding=&#8221;50px||40px||false|false&#8221;][et_pb_column type=&#8221;4_4&#8243; _builder_version=&#8221;4.9.0&#8243; _module_preset=&#8221;default&#8221;][et_pb_cta title=&#8221;Vinurile ro\u0219ii Asconi sunt p\u0103strate \u00een butoaie de stejar confec\u021bionate manual.&#8221; button_url=&#8221;#CONTACT-RO&#8221; _builder_version=&#8221;4.9.4&#8243; _module_preset=&#8221;default&#8221; header_font=&#8221;Nunito||||||||&#8221; header_text_color=&#8221;#000000&#8243; header_font_size=&#8221;50px&#8221; body_font=&#8221;|300|||||||&#8221; body_text_color=&#8221;#000000&#8243; body_font_size=&#8221;17px&#8221; background_color=&#8221;RGBA(0,0,0,0)&#8221; custom_button=&#8221;on&#8221; button_text_size=&#8221;15px&#8221; button_text_color=&#8221;#FFFFFF&#8221; button_bg_color=&#8221;#b9523b&#8221; button_border_width=&#8221;15px&#8221; button_border_color=&#8221;#b9523b&#8221; button_border_radius=&#8221;0px&#8221; button_font=&#8221;Nunito||||||||&#8221; button_alignment=&#8221;center&#8221; background_layout=&#8221;light&#8221; custom_padding=&#8221;0px||0px|||&#8221; hover_enabled=&#8221;0&#8243; header_font_size_tablet=&#8221;40px&#8221; header_font_size_phone=&#8221;30px&#8221; header_font_size_last_edited=&#8221;on|phone&#8221; sticky_enabled=&#8221;0&#8243;][\/et_pb_cta][\/et_pb_column][\/et_pb_row][et_pb_row _builder_version=&#8221;4.9.0&#8243; _module_preset=&#8221;default&#8221; custom_margin=&#8221;||||false|false&#8221; custom_padding=&#8221;25px||25px||false|false&#8221;][et_pb_column type=&#8221;4_4&#8243; _builder_version=&#8221;4.9.0&#8243; _module_preset=&#8221;default&#8221;][et_pb_image src=&#8221;https:\/\/asconiwinery.com\/wp-content\/uploads\/2021\/03\/Asconi-Winery-Divider.svg&#8221; title_text=&#8221;Asconi-Winery-Divider&#8221; _builder_version=&#8221;4.9.1&#8243; _module_preset=&#8221;default&#8221; width=&#8221;6.5%&#8221; width_tablet=&#8221;10%&#8221; width_phone=&#8221;15%&#8221; width_last_edited=&#8221;on|phone&#8221; module_alignment=&#8221;center&#8221;][\/et_pb_image][\/et_pb_column][\/et_pb_row][\/et_pb_section][et_pb_section fb_built=&#8221;1&#8243; _builder_version=&#8221;4.9.2&#8243; _module_preset=&#8221;default&#8221; custom_margin=&#8221;||||true|false&#8221; custom_padding=&#8221;0px||0px|||&#8221;][et_pb_row column_structure=&#8221;1_2,1_2&#8243; _builder_version=&#8221;4.9.0&#8243; _module_preset=&#8221;default&#8221; width=&#8221;70%&#8221; max_width=&#8221;100%&#8221; module_alignment=&#8221;center&#8221; custom_padding=&#8221;0px||0px|||&#8221;][et_pb_column type=&#8221;1_2&#8243; _builder_version=&#8221;4.9.0&#8243; _module_preset=&#8221;default&#8221;][et_pb_image src=&#8221;https:\/\/asconiwinery.com\/wp-content\/uploads\/2021\/02\/asconi-winery-h-5.jpg&#8221; title_text=&#8221;asconi-winery-h-5&#8243; _builder_version=&#8221;4.9.0&#8243; _module_preset=&#8221;default&#8221; background_enable_color=&#8221;off&#8221; scroll_vertical_motion=&#8221;0|0|40|100|5|0|-5&#8243; box_shadow_style=&#8221;preset3&#8243; box_shadow_vertical=&#8221;5px&#8221; box_shadow_blur=&#8221;20px&#8221; box_shadow_color=&#8221;RGBA(0,0,0,0)&#8221; box_shadow_blur_tablet=&#8221;&#8221; box_shadow_blur_phone=&#8221;&#8221; box_shadow_blur_last_edited=&#8221;on|desktop&#8221;][\/et_pb_image][\/et_pb_column][et_pb_column type=&#8221;1_2&#8243; _builder_version=&#8221;4.9.0&#8243; _module_preset=&#8221;default&#8221;][et_pb_text _builder_version=&#8221;4.9.4&#8243; _module_preset=&#8221;default&#8221; text_font=&#8221;Nunito||||||||&#8221; text_text_color=&#8221;#000000&#8243; text_font_size=&#8221;50px&#8221; text_line_height=&#8221;1.2em&#8221; header_font=&#8221;Nunito||||||||&#8221; header_font_size=&#8221;55px&#8221; scroll_horizontal_motion=&#8221;0|50|100|100|4|0|-4&#8243; scroll_fade=&#8221;0|25|70|100|0|100|100&#8243; text_font_size_tablet=&#8221;40px&#8221; text_font_size_phone=&#8221;30px&#8221; text_font_size_last_edited=&#8221;on|phone&#8221; sticky_enabled=&#8221;0&#8243; header_2_font=&#8221;Nunito||||||||&#8221; header_2_font_size=&#8221;50px&#8221; header_2_font_size_phone=&#8221;30px&#8221; header_2_font_size_last_edited=&#8221;on|phone&#8221;]<\/p>\n<h2>Butoaiele<\/h2>\n<p>[\/et_pb_text][et_pb_text _builder_version=&#8221;4.9.4&#8243; _module_preset=&#8221;default&#8221; text_font=&#8221;Roboto|300|||||||&#8221; text_text_color=&#8221;#000000&#8243; text_font_size=&#8221;17px&#8221; text_line_height=&#8221;1.8em&#8221; text_orientation=&#8221;justified&#8221; custom_padding=&#8221;||||false|false&#8221;]<\/p>\n<p>Vinurile ro\u0219ii Asconi sunt aduse la corpolen\u021b\u0103 \u0219i maturitate \u00een butoaie de stejar american, unguresc \u0219i fran\u021buzesc, confec\u021bionate manual, care au o capacitate de 225 de litri fiecare, \u00een timp ce vinurile albe sunt p\u0103strate \u00eentr-o manier\u0103 proasp\u0103t\u0103 \u0219i aromat\u0103. Excep\u021bia o constituie vinurile Chardonnay din seria Sol Negru, care sunt fermentate \u0219i aduse la maturitate \u00een butoaie de stejar, pentru a ob\u021bine o corpolen\u021b\u0103 sporit\u0103 \u0219i o arom\u0103 deosebit\u0103.<\/p>\n<p>[\/et_pb_text][\/et_pb_column][\/et_pb_row][\/et_pb_section][et_pb_section fb_built=&#8221;1&#8243; custom_padding_last_edited=&#8221;on|phone&#8221; _builder_version=&#8221;4.9.2&#8243; _module_preset=&#8221;default&#8221; custom_margin=&#8221;||||false|false&#8221; custom_padding=&#8221;100px||100px||true|false&#8221; custom_padding_tablet=&#8221;40px||100px||false|false&#8221; custom_padding_phone=&#8221;33px||||false|false&#8221;][et_pb_row column_structure=&#8221;1_2,1_2&#8243; _builder_version=&#8221;4.9.0&#8243; _module_preset=&#8221;default&#8221; width=&#8221;70%&#8221; max_width=&#8221;100%&#8221; module_alignment=&#8221;center&#8221; custom_padding=&#8221;0px||0px|||&#8221;][et_pb_column type=&#8221;1_2&#8243; _builder_version=&#8221;4.9.0&#8243; _module_preset=&#8221;default&#8221;][et_pb_text _builder_version=&#8221;4.9.4&#8243; _module_preset=&#8221;default&#8221; text_font=&#8221;Nunito||||||||&#8221; text_text_color=&#8221;#000000&#8243; text_font_size=&#8221;50px&#8221; text_line_height=&#8221;1.2em&#8221; header_font=&#8221;Nunito||||||||&#8221; header_font_size=&#8221;55px&#8221; scroll_horizontal_motion=&#8221;0|50|100|100|4|0|-4&#8243; scroll_fade=&#8221;0|25|70|100|0|100|100&#8243; text_font_size_tablet=&#8221;40px&#8221; text_font_size_phone=&#8221;30px&#8221; text_font_size_last_edited=&#8221;on|phone&#8221; header_2_font=&#8221;Nunito||||||||&#8221; header_2_font_size=&#8221;50px&#8221; sticky_enabled=&#8221;0&#8243; header_2_font_size_phone=&#8221;30px&#8221; header_2_font_size_last_edited=&#8221;on|phone&#8221;]<\/p>\n<h2>Colec\u021bia<\/h2>\n<p>[\/et_pb_text][et_pb_text _builder_version=&#8221;4.9.4&#8243; _module_preset=&#8221;default&#8221; text_font=&#8221;Roboto|300|||||||&#8221; text_text_color=&#8221;#000000&#8243; text_font_size=&#8221;17px&#8221; text_line_height=&#8221;1.8em&#8221; text_orientation=&#8221;justified&#8221; custom_padding=&#8221;||||false|false&#8221;]<\/p>\n<p>Unul dintre lucrurile cu care ne m\u00e2ndrim este colec\u021bia impresionant\u0103 de vinuri: 60,000 de sticle \u2013 o adev\u0103rat\u0103 comoar\u0103 a vin\u0103riei, care este \u0219i mo\u0219tenirea noastr\u0103, o colec\u021bie de vinuri alese individual \u0219i ordonate cu grij\u0103 \u00een func\u021bie de maturitatea lor.<\/p>\n<p>40,000 de sticle dateaz\u0103 din anii \u201990, \u00een timp ce restul, \u00een jur de 20,000 de sticle, sunt mai recente, dar cu un poten\u021bial mare de maturare.<\/p>\n<p>[\/et_pb_text][\/et_pb_column][et_pb_column type=&#8221;1_2&#8243; _builder_version=&#8221;4.9.0&#8243; _module_preset=&#8221;default&#8221;][et_pb_image src=&#8221;https:\/\/asconiwinery.com\/wp-content\/uploads\/2021\/02\/asconi-winery-h-4.jpg&#8221; title_text=&#8221;asconi-winery-h-4&#8243; _builder_version=&#8221;4.9.0&#8243; _module_preset=&#8221;default&#8221; background_enable_color=&#8221;off&#8221; scroll_vertical_motion=&#8221;0|0|40|100|5|0|-5&#8243; box_shadow_style=&#8221;preset3&#8243; box_shadow_vertical=&#8221;5px&#8221; box_shadow_blur=&#8221;20px&#8221; box_shadow_color=&#8221;RGBA(0,0,0,0)&#8221; box_shadow_blur_tablet=&#8221;&#8221; box_shadow_blur_phone=&#8221;&#8221; box_shadow_blur_last_edited=&#8221;on|desktop&#8221;][\/et_pb_image][\/et_pb_column][\/et_pb_row][\/et_pb_section]<\/p>\n","protected":false},"excerpt":{"rendered":"<p>PodgoriileInima vin\u0103riei \u0219i ingredientul esen\u021bial al unui vin bun \u00eel constituie strugurii. \u00cen decursul ultimilor 10 ani, am plantat peste 550 de hectare de vi\u021b\u0103 de vie, g\u0103sind solul perfect pentru podgoriile noastre la doar 10 kilometri de vin\u0103rie, \u00een vecin\u0103tatea satului Geam\u0103na, raionul Anenii Noi. La baza vinurilor noastre stau soiurile de struguri precum [&hellip;]<\/p>\n","protected":false},"author":1,"featured_media":0,"parent":0,"menu_order":2,"comment_status":"closed","ping_status":"closed","template":"","meta":{"_et_pb_use_builder":"on","_et_pb_old_content":"<!-- wp:divi\/placeholder \/-->","_et_gb_content_width":"","inline_featured_image":false,"footnotes":""},"class_list":["post-31","page","type-page","status-publish","hentry"],"_links":{"self":[{"href":"https:\/\/asconiwinery.com\/ro\/wp-json\/wp\/v2\/pages\/31","targetHints":{"allow":["GET"]}}],"collection":[{"href":"https:\/\/asconiwinery.com\/ro\/wp-json\/wp\/v2\/pages"}],"about":[{"href":"https:\/\/asconiwinery.com\/ro\/wp-json\/wp\/v2\/types\/page"}],"author":[{"embeddable":true,"href":"https:\/\/asconiwinery.com\/ro\/wp-json\/wp\/v2\/users\/1"}],"replies":[{"embeddable":true,"href":"https:\/\/asconiwinery.com\/ro\/wp-json\/wp\/v2\/comments?post=31"}],"version-history":[{"count":84,"href":"https:\/\/asconiwinery.com\/ro\/wp-json\/wp\/v2\/pages\/31\/revisions"}],"predecessor-version":[{"id":2759,"href":"https:\/\/asconiwinery.com\/ro\/wp-json\/wp\/v2\/pages\/31\/revisions\/2759"}],"wp:attachment":[{"href":"https:\/\/asconiwinery.com\/ro\/wp-json\/wp\/v2\/media?parent=31"}],"curies":[{"name":"wp","href":"https:\/\/api.w.org\/{rel}","templated":true}]}}