{"id":496,"date":"2021-02-17T12:58:36","date_gmt":"2021-02-17T12:58:36","guid":{"rendered":"https:\/\/asconiwinery.com\/?page_id=496"},"modified":"2021-06-04T13:48:01","modified_gmt":"2021-06-04T13:48:01","slug":"politica-de-confidentialitate","status":"publish","type":"page","link":"https:\/\/asconiwinery.com\/ro\/politica-de-confidentialitate\/","title":{"rendered":"POLITICA DE CONFIDEN\u021aIALITATE"},"content":{"rendered":"<p>[et_pb_section fb_built=&#8221;1&#8243; _builder_version=&#8221;4.9.0&#8243; _module_preset=&#8221;default&#8221; custom_padding=&#8221;75px||75px|23px|true|false&#8221;][et_pb_row _builder_version=&#8221;4.9.0&#8243; _module_preset=&#8221;default&#8221; transform_translate_linked=&#8221;off&#8221; custom_padding=&#8221;25px||25px||true|false&#8221;][et_pb_column type=&#8221;4_4&#8243; _builder_version=&#8221;4.9.0&#8243; _module_preset=&#8221;default&#8221;][et_pb_image src=&#8221;https:\/\/asconiwinery.com\/wp-content\/uploads\/2021\/03\/Asconi-Winery-Divider.svg&#8221; title_text=&#8221;Asconi-Winery-Divider&#8221; _builder_version=&#8221;4.9.1&#8243; _module_preset=&#8221;default&#8221; width=&#8221;6.5%&#8221; width_tablet=&#8221;10%&#8221; width_phone=&#8221;15%&#8221; width_last_edited=&#8221;on|phone&#8221; module_alignment=&#8221;center&#8221;][\/et_pb_image][\/et_pb_column][\/et_pb_row][et_pb_row _builder_version=&#8221;4.9.0&#8243; _module_preset=&#8221;default&#8221;][et_pb_column type=&#8221;4_4&#8243; _builder_version=&#8221;4.9.0&#8243; _module_preset=&#8221;default&#8221;][et_pb_cta title=&#8221;Politica de Confiden\u021bialitate&#8221; button_url=&#8221;#CONTACT-RO&#8221; _builder_version=&#8221;4.9.4&#8243; _module_preset=&#8221;default&#8221; header_font=&#8221;Nunito||||||||&#8221; header_text_color=&#8221;#000000&#8243; header_font_size=&#8221;50px&#8221; body_font=&#8221;|300|||||||&#8221; body_text_color=&#8221;#000000&#8243; body_font_size=&#8221;17px&#8221; background_color=&#8221;RGBA(0,0,0,0)&#8221; custom_button=&#8221;on&#8221; button_text_size=&#8221;15px&#8221; button_text_color=&#8221;#FFFFFF&#8221; button_bg_color=&#8221;#b9523b&#8221; button_border_width=&#8221;15px&#8221; button_border_color=&#8221;#b9523b&#8221; button_border_radius=&#8221;0px&#8221; button_font=&#8221;Nunito||||||||&#8221; button_alignment=&#8221;center&#8221; background_layout=&#8221;light&#8221; custom_padding=&#8221;0px||0px|||&#8221; header_font_size_tablet=&#8221;40px&#8221; header_font_size_phone=&#8221;30px&#8221; header_font_size_last_edited=&#8221;on|phone&#8221;][\/et_pb_cta][\/et_pb_column][\/et_pb_row][et_pb_row _builder_version=&#8221;4.9.4&#8243; _module_preset=&#8221;default&#8221; transform_translate_linked=&#8221;off&#8221; custom_padding=&#8221;25px||25px||true|false&#8221;][et_pb_column type=&#8221;4_4&#8243; _builder_version=&#8221;4.9.0&#8243; _module_preset=&#8221;default&#8221;][et_pb_image src=&#8221;https:\/\/asconiwinery.com\/wp-content\/uploads\/2021\/03\/Asconi-Winery-Divider.svg&#8221; title_text=&#8221;Asconi-Winery-Divider&#8221; _builder_version=&#8221;4.9.1&#8243; _module_preset=&#8221;default&#8221; width=&#8221;6.5%&#8221; width_tablet=&#8221;10%&#8221; width_phone=&#8221;15%&#8221; width_last_edited=&#8221;on|phone&#8221; module_alignment=&#8221;center&#8221;][\/et_pb_image][\/et_pb_column][\/et_pb_row][\/et_pb_section][et_pb_section fb_built=&#8221;1&#8243; _builder_version=&#8221;4.9.4&#8243; _module_preset=&#8221;default&#8221; custom_padding=&#8221;0px||100px||false|false&#8221;][et_pb_row _builder_version=&#8221;4.9.0&#8243; _module_preset=&#8221;default&#8221; width=&#8221;70%&#8221; max_width=&#8221;100%&#8221; module_alignment=&#8221;center&#8221; custom_padding=&#8221;0px||0px|||&#8221;][et_pb_column type=&#8221;4_4&#8243; _builder_version=&#8221;4.9.0&#8243; _module_preset=&#8221;default&#8221;][et_pb_text _builder_version=&#8221;4.9.0&#8243; _module_preset=&#8221;default&#8221; text_font=&#8221;Roboto|300|||||||&#8221; text_text_color=&#8221;#000000&#8243; text_font_size=&#8221;17px&#8221; text_line_height=&#8221;1.8em&#8221; text_orientation=&#8221;justified&#8221; custom_padding=&#8221;||||false|false&#8221;]<\/p>\n<p>Aceast\u0103 politic\u0103 de confiden\u021bialitate descrie modul \u00een care informa\u021biile dvs. personale sunt colectate, utilizate \u0219i partajate atunci c\u00e2nd vizita\u021bi sau efectua\u021bi o achizi\u021bie de pe asconiwinery.com (\u201eSite-ul\u201d).<\/p>\n<p>INFORMA\u021aII PERSONALE pe care le colect\u0103m<\/p>\n<p>C\u00e2nd vizita\u021bi site-ul, colect\u0103m automat anumite informa\u021bii despre dispozitivul dvs., inclusiv informa\u021bii despre browserul dvs. web, adresa IP, fusul orar \u0219i unele cookie-uri care sunt instalate pe dispozitivul dvs. \u00cen plus, pe m\u0103sur\u0103 ce naviga\u021bi pe site, colect\u0103m informa\u021bii despre paginile web individuale sau produsele pe care le vizualiza\u021bi, ce site-uri web sau termenii de c\u0103utare v-au trimis c\u0103tre site \u0219i informa\u021bii despre modul \u00een care interac\u021biona\u021bi cu site-ul. Ne referim la aceste informa\u021bii colectate automat ca \u201eInforma\u021bii despre dispozitiv\u201d.<\/p>\n<p>Colect\u0103m informa\u021bii despre dispozitiv folosind urm\u0103toarele tehnologii:<\/p>\n<p>&#8211; \u201eCookie-urile\u201d sunt fi\u0219iere de date care sunt plasate pe dispozitivul sau computerul dvs. \u0219i care includ adesea un identificator unic anonim. Pentru mai multe informa\u021bii despre cookie-uri \u0219i despre cum s\u0103 dezactiva\u021bi cookie-urile, vizita\u021bi http:\/\/www.allaboutcookies.org.<br \/>&#8211; \u201eFi\u0219ierele jurnal\u201d urm\u0103resc ac\u021biunile care apar pe site \u0219i colecteaz\u0103 date, inclusiv adresa dvs. IP, tipul de browser, furnizorul de servicii Internet, paginile de trimitere \/ ie\u0219ire \u0219i \u0219tampilele de dat\u0103 \/ or\u0103.<br \/>&#8211; \u201eBalize web\u201d, \u201eetichete\u201d \u0219i \u201epixeli\u201d sunt fi\u0219iere electronice utilizate pentru a \u00eenregistra informa\u021bii despre modul \u00een care naviga\u021bi pe Site.<\/p>\n<p>\u00cen plus, atunci c\u00e2nd efectua\u021bi o achizi\u021bie sau \u00eencerca\u021bi s\u0103 efectua\u021bi o achizi\u021bie prin intermediul site-ului, colect\u0103m anumite informa\u021bii de la dvs., inclusiv numele dvs., adresa de facturare, adresa de expediere, informa\u021biile de plat\u0103 (inclusiv numerele cardului de credit), adresa de e-mail \u0219i num\u0103rul de telefon. Ne referim la aceste informa\u021bii ca \u201eInforma\u021bii despre comand\u0103\u201d.<\/p>\n<p>C\u00e2nd vorbim despre \u201eInforma\u021bii personale\u201d \u00een aceast\u0103 politic\u0103 de confiden\u021bialitate, vorbim at\u00e2t despre informa\u021bii despre dispozitiv, c\u00e2t \u0219i despre informa\u021bii despre comand\u0103.<\/p>\n<p>CUM S\u0102 UTILIZ\u0102M INFORMA\u021aIILE PERSONALE?<\/p>\n<p>Utiliz\u0103m informa\u021biile de comand\u0103 pe care le colect\u0103m \u00een general pentru a \u00eendeplini orice comenzi plasate prin intermediul site-ului (inclusiv procesarea informa\u021biilor dvs. de plat\u0103, aranjarea expedierii \u0219i furnizarea de facturi \u0219i \/ sau confirm\u0103ri de comand\u0103). \u00cen plus, folosim aceste informa\u021bii despre comand\u0103 pentru:<br \/>Comunic\u0103 cu tine;<br \/>Verifica\u021bi comenzile noastre pentru poten\u021bialul risc sau fraud\u0103; \u0219i<br \/>C\u00e2nd sunte\u021bi \u00een conformitate cu preferin\u021bele pe care ni le-a\u021bi \u00eemp\u0103rt\u0103\u0219it, v\u0103 oferim informa\u021bii sau publicitate referitoare la produsele sau serviciile noastre.<\/p>\n<p>Folosim informa\u021biile despre dispozitiv pe care le colect\u0103m pentru a ne ajuta s\u0103 analiz\u0103m poten\u021bialul risc \u0219i frauda (\u00een special, adresa dvs. IP) \u0219i, mai general, pentru a \u00eembun\u0103t\u0103\u021bi \u0219i optimiza site-ul nostru (de exemplu, prin generarea de analize despre modul \u00een care clien\u021bii no\u0219tri navigheaz\u0103 \u0219i interac\u021bioneaz\u0103 cu site-ului \u0219i pentru a evalua succesul campaniilor noastre de marketing \u0219i publicitate).<\/p>\n<p>\u00ceMP\u0102RT\u0102\u021aIREA INFORMA\u021aIILOR PERSONALE<\/p>\n<p>\u00cemp\u0103rt\u0103\u0219im informa\u021biile dvs. personale cu ter\u021bi pentru a ne ajuta s\u0103 folosim informa\u021biile dvs. personale, a\u0219a cum este descris mai sus. De exemplu, folosim Woocommerce pentru a ne alimenta magazinul online. De asemenea, folosim Google Analytics pentru a ne ajuta s\u0103 \u00een\u021belegem cum utilizeaz\u0103 site-ul clien\u021bii no\u0219tri &#8211; pute\u021bi citi mai multe despre modul \u00een care Google utilizeaz\u0103 informa\u021biile dvs. personale aici: https:\/\/www.google.com\/intl\/en\/policies\/privacy\/. De asemenea, pute\u021bi renun\u021ba la Google Analytics aici: https:\/\/tools.google.com\/dlpage\/gaoptout.<\/p>\n<p>\u00cen cele din urm\u0103, putem, de asemenea, s\u0103 \u00eemp\u0103rt\u0103\u0219im informa\u021biile dvs. personale pentru a respecta legile \u0219i reglement\u0103rile aplicabile, pentru a r\u0103spunde la o cita\u021bie, mandat de c\u0103utare sau alt\u0103 cerere legal\u0103 de informa\u021bii pe care o primim sau pentru a ne proteja \u00een alt mod drepturile.<\/p>\n<p>A\u0219a cum s-a descris mai sus, folosim informa\u021biile dvs. personale pentru a v\u0103 oferi reclame sau comunic\u0103ri de marketing direc\u021bionate care credem c\u0103 v\u0103 pot interesa. Pentru mai multe informa\u021bii despre modul \u00een care func\u021bioneaz\u0103 publicitatea direc\u021bionat\u0103, pute\u021bi vizita pagina educa\u021bional\u0103 a Network Advertising Initiative (\u201eNAI\u201d) la http:\/\/www.networkadvertising.org\/understanding-online-advertising\/how-does-it-work.<\/p>\n<p>Pute\u021bi renun\u021ba la publicitatea direc\u021bionat\u0103 prin:<\/p>\n<p>FACEBOOK &#8211; https:\/\/www.facebook.com\/settings\/?tab=ads<br \/>GOOGLE &#8211; https:\/\/www.google.com\/settings\/ads\/anonymous<br \/>BING &#8211; https:\/\/advertise.bingads.microsoft.com\/en-us\/resources\/policies\/personalized-ads<\/p>\n<p>\u00cen plus, pute\u021bi renun\u021ba la unele dintre aceste servicii vizit\u00e2nd portalul de renun\u021bare al Digital Advertising Alliance la: http:\/\/optout.aboutads.info\/.<\/p>\n<p>NU URM\u0102RI<br \/>V\u0103 rug\u0103m s\u0103 re\u021bine\u021bi c\u0103 nu modific\u0103m practicile de colectare \u0219i utilizare a datelor site-ului nostru atunci c\u00e2nd vedem un semnal Nu urm\u0103ri\u021bi din browserul dvs.<\/p>\n<p>Dac\u0103 sunte\u021bi rezident european, ave\u021bi dreptul de a accesa informa\u021biile personale pe care le de\u021binem despre dvs. \u0219i de a cere ca informa\u021biile dvs. personale s\u0103 fie corectate, actualizate sau \u0219terse. Dac\u0103 dori\u021bi s\u0103 v\u0103 exercita\u021bi acest drept, v\u0103 rug\u0103m s\u0103 ne contacta\u021bi prin informa\u021biile de contact de mai jos.<\/p>\n<p>\u00cen plus, dac\u0103 sunte\u021bi rezident \u00een Europa, observ\u0103m c\u0103 proces\u0103m informa\u021biile dvs. pentru a \u00eendeplini contractele pe care le-am putea \u00eencheia cu dvs. (de exemplu, dac\u0103 face\u021bi o comand\u0103 prin intermediul site-ului) sau pentru a ne urm\u0103ri \u00een alt mod interesele comerciale legitime enumerate mai sus. \u00cen plus, v\u0103 rug\u0103m s\u0103 re\u021bine\u021bi c\u0103 informa\u021biile dvs. vor fi transferate \u00een exterior e din Europa, inclusiv \u00een Canada \u0219i Statele Unite.<\/p>\n<p>P\u0102STRAREA DATELOR<br \/>C\u00e2nd plasa\u021bi o comand\u0103 prin intermediul site-ului, vom men\u021bine informa\u021biile dvs. de comand\u0103 pentru \u00eenregistr\u0103rile noastre, cu excep\u021bia cazului \u00een care \u0219i p\u00e2n\u0103 c\u00e2nd ne cere\u021bi s\u0103 \u0219tergem aceste informa\u021bii.<\/p>\n<p>Site-ul nu este destinat persoanelor cu v\u00e2rsta sub 18 ani.<\/p>\n<p>SCHIMB\u0102RI<br \/>Putem actualiza aceast\u0103 politic\u0103 de confiden\u021bialitate din c\u00e2nd \u00een c\u00e2nd pentru a reflecta, de exemplu, modific\u0103rile practicilor noastre sau din alte motive opera\u021bionale, legale sau de reglementare.<\/p>\n<p>CONTACTEAZ\u0102-NE<br \/>Pentru mai multe informa\u021bii despre practicile noastre de confiden\u021bialitate, dac\u0103 ave\u021bi \u00eentreb\u0103ri sau dac\u0103 dori\u021bi s\u0103 face\u021bi o reclama\u021bie, v\u0103 rug\u0103m s\u0103 ne contacta\u021bi prin e-mail la asconi@asconi.md sau prin po\u0219t\u0103 folosind detaliile furnizate mai jos:<\/p>\n<p>Satul Puhoi, raionul Ialoveni, AN, MD6824, Republica Moldova.<\/p>\n<p>[\/et_pb_text][\/et_pb_column][\/et_pb_row][\/et_pb_section]<\/p>\n","protected":false},"excerpt":{"rendered":"<p>Aceast\u0103 politic\u0103 de confiden\u021bialitate descrie modul \u00een care informa\u021biile dvs. personale sunt colectate, utilizate \u0219i partajate atunci c\u00e2nd vizita\u021bi sau efectua\u021bi o achizi\u021bie de pe asconiwinery.com (\u201eSite-ul\u201d). INFORMA\u021aII PERSONALE pe care le colect\u0103m C\u00e2nd vizita\u021bi site-ul, colect\u0103m automat anumite informa\u021bii despre dispozitivul dvs., inclusiv informa\u021bii despre browserul dvs. web, adresa IP, fusul orar \u0219i unele [&hellip;]<\/p>\n","protected":false},"author":1,"featured_media":0,"parent":0,"menu_order":12,"comment_status":"closed","ping_status":"closed","template":"","meta":{"_et_pb_use_builder":"on","_et_pb_old_content":"<!-- wp:divi\/placeholder \/-->","_et_gb_content_width":"","inline_featured_image":false,"footnotes":""},"class_list":["post-496","page","type-page","status-publish","hentry"],"_links":{"self":[{"href":"https:\/\/asconiwinery.com\/ro\/wp-json\/wp\/v2\/pages\/496","targetHints":{"allow":["GET"]}}],"collection":[{"href":"https:\/\/asconiwinery.com\/ro\/wp-json\/wp\/v2\/pages"}],"about":[{"href":"https:\/\/asconiwinery.com\/ro\/wp-json\/wp\/v2\/types\/page"}],"author":[{"embeddable":true,"href":"https:\/\/asconiwinery.com\/ro\/wp-json\/wp\/v2\/users\/1"}],"replies":[{"embeddable":true,"href":"https:\/\/asconiwinery.com\/ro\/wp-json\/wp\/v2\/comments?post=496"}],"version-history":[{"count":4,"href":"https:\/\/asconiwinery.com\/ro\/wp-json\/wp\/v2\/pages\/496\/revisions"}],"predecessor-version":[{"id":2451,"href":"https:\/\/asconiwinery.com\/ro\/wp-json\/wp\/v2\/pages\/496\/revisions\/2451"}],"wp:attachment":[{"href":"https:\/\/asconiwinery.com\/ro\/wp-json\/wp\/v2\/media?parent=496"}],"curies":[{"name":"wp","href":"https:\/\/api.w.org\/{rel}","templated":true}]}}