{"id":502,"date":"2021-02-17T12:59:03","date_gmt":"2021-02-17T12:59:03","guid":{"rendered":"https:\/\/asconiwinery.com\/?page_id=502"},"modified":"2022-03-17T14:09:19","modified_gmt":"2022-03-17T12:09:19","slug":"politica-de-retur","status":"publish","type":"page","link":"https:\/\/asconiwinery.com\/ro\/politica-de-retur\/","title":{"rendered":"POLITICA DE RETUR"},"content":{"rendered":"<p>[et_pb_section fb_built=&#8221;1&#8243; _builder_version=&#8221;4.9.0&#8243; _module_preset=&#8221;default&#8221; custom_padding=&#8221;75px||75px|23px|true|false&#8221; global_colors_info=&#8221;{}&#8221;][et_pb_row _builder_version=&#8221;4.9.0&#8243; _module_preset=&#8221;default&#8221; transform_translate_linked=&#8221;off&#8221; custom_padding=&#8221;25px||25px||true|false&#8221; global_colors_info=&#8221;{}&#8221;][et_pb_column type=&#8221;4_4&#8243; _builder_version=&#8221;4.9.0&#8243; _module_preset=&#8221;default&#8221; global_colors_info=&#8221;{}&#8221;][et_pb_image src=&#8221;https:\/\/asconiwinery.com\/wp-content\/uploads\/2021\/03\/Asconi-Winery-Divider.svg&#8221; title_text=&#8221;Asconi-Winery-Divider&#8221; _builder_version=&#8221;4.9.1&#8243; _module_preset=&#8221;default&#8221; width=&#8221;6.5%&#8221; width_tablet=&#8221;10%&#8221; width_phone=&#8221;15%&#8221; width_last_edited=&#8221;on|phone&#8221; module_alignment=&#8221;center&#8221; global_colors_info=&#8221;{}&#8221;][\/et_pb_image][\/et_pb_column][\/et_pb_row][et_pb_row _builder_version=&#8221;4.9.0&#8243; _module_preset=&#8221;default&#8221; global_colors_info=&#8221;{}&#8221;][et_pb_column type=&#8221;4_4&#8243; _builder_version=&#8221;4.9.0&#8243; _module_preset=&#8221;default&#8221; global_colors_info=&#8221;{}&#8221;][et_pb_cta title=&#8221;Politica de Retur&#8221; button_url=&#8221;#CONTACT-RO&#8221; _builder_version=&#8221;4.9.4&#8243; _module_preset=&#8221;default&#8221; header_font=&#8221;Nunito||||||||&#8221; header_text_color=&#8221;#000000&#8243; header_font_size=&#8221;50px&#8221; body_font=&#8221;|300|||||||&#8221; body_text_color=&#8221;#000000&#8243; background_color=&#8221;RGBA(0,0,0,0)&#8221; custom_button=&#8221;on&#8221; button_text_size=&#8221;15px&#8221; button_text_color=&#8221;#FFFFFF&#8221; button_bg_color=&#8221;#b9523b&#8221; button_border_width=&#8221;15px&#8221; button_border_color=&#8221;#b9523b&#8221; button_border_radius=&#8221;0px&#8221; button_font=&#8221;Nunito||||||||&#8221; button_alignment=&#8221;center&#8221; background_layout=&#8221;light&#8221; custom_padding=&#8221;0px||0px|||&#8221; header_font_size_tablet=&#8221;40px&#8221; header_font_size_phone=&#8221;30px&#8221; header_font_size_last_edited=&#8221;on|phone&#8221; global_colors_info=&#8221;{}&#8221;][\/et_pb_cta][\/et_pb_column][\/et_pb_row][et_pb_row _builder_version=&#8221;4.9.4&#8243; _module_preset=&#8221;default&#8221; transform_translate_linked=&#8221;off&#8221; custom_padding=&#8221;25px||25px||true|false&#8221; global_colors_info=&#8221;{}&#8221;][et_pb_column type=&#8221;4_4&#8243; _builder_version=&#8221;4.9.0&#8243; _module_preset=&#8221;default&#8221; global_colors_info=&#8221;{}&#8221;][et_pb_image src=&#8221;https:\/\/asconiwinery.com\/wp-content\/uploads\/2021\/03\/Asconi-Winery-Divider.svg&#8221; title_text=&#8221;Asconi-Winery-Divider&#8221; _builder_version=&#8221;4.9.1&#8243; _module_preset=&#8221;default&#8221; width=&#8221;6.5%&#8221; width_tablet=&#8221;10%&#8221; width_phone=&#8221;15%&#8221; width_last_edited=&#8221;on|phone&#8221; module_alignment=&#8221;center&#8221; global_colors_info=&#8221;{}&#8221;][\/et_pb_image][\/et_pb_column][\/et_pb_row][\/et_pb_section][et_pb_section fb_built=&#8221;1&#8243; _builder_version=&#8221;4.9.4&#8243; _module_preset=&#8221;default&#8221; custom_padding=&#8221;0px||100px||false|false&#8221; global_colors_info=&#8221;{}&#8221;][et_pb_row _builder_version=&#8221;4.9.0&#8243; _module_preset=&#8221;default&#8221; width=&#8221;70%&#8221; max_width=&#8221;100%&#8221; module_alignment=&#8221;center&#8221; custom_padding=&#8221;0px||0px|||&#8221; global_colors_info=&#8221;{}&#8221;][et_pb_column type=&#8221;4_4&#8243; _builder_version=&#8221;4.9.0&#8243; _module_preset=&#8221;default&#8221; global_colors_info=&#8221;{}&#8221;][et_pb_text _builder_version=&#8221;4.14.7&#8243; _module_preset=&#8221;default&#8221; text_font=&#8221;Roboto|300|||||||&#8221; text_text_color=&#8221;#000000&#8243; text_line_height=&#8221;1.8em&#8221; text_orientation=&#8221;justified&#8221; custom_padding=&#8221;||||false|false&#8221; global_colors_info=&#8221;{}&#8221;]<\/p>\n<p>Politica de anulare\/returnare a comenzilor din e-magazinul de vinuri<\/p>\n<p>Anularea unei comenzi trebuie f\u0103cut\u0103 \u00een termen de 2 ore de la plasarea comenzii<br \/>De obicei nu accept\u0103m return\u0103ri de sticle de vin. Returul poate fi acceptat numai \u00een urm\u0103toarele cazuri:<br \/>Produsul este stricat<br \/>Produsul a fost comandat din gre\u0219eala \u0219i se returneaza la livrare.<\/p>\n<p style=\"text-align: left;\">Condi\u0163iile de returnare \u015fi procedura de returnare a produselor, banilor \u015fi anularea tranzac\u021biei. Anularea unei comenzi se poate face numai prin notificarea scris\u0103 la magazin@asconi.md cu cel mult 12 de ore de la momentul plas\u0103rii comenzii. Asconi Winery nu este responsabil\u0103 de a prelua marfa care este anulat\u0103. \u00cen cazul \u00een care clientul anuleaz\u0103 comanda mai t\u00e2rziu de 12 de ore \u015fi coletul va fi deja expediat, clientului i se va imputa costurile de expediere \u015fi restituirea banilor nu se va efectua p\u00e2n\u0103 c\u00e2nd coletul nu va ajunge \u00eenapoi la Asconi Winery. Asconi Winery se oblig\u0103 s\u0103 restituie banii timp de 14 zile din momentul sesiz\u0103rii necesit\u0103\u0163ii de returnare.<\/p>\n<p style=\"text-align: left;\">Politica noastr\u0103 dureaz\u0103 7 zile. Dac\u0103 au trecut 7 zile de la achizi\u021bie, din p\u0103cate nu v\u0103 putem oferi o rambursare sau un schimb.<\/p>\n<p style=\"text-align: left;\">Pentru a fi eligibil pentru o returnare, articolul dvs. trebuie s\u0103 fie neutilizat \u0219i \u00een aceea\u0219i stare \u00een care a\u021bi primit-o. De asemenea, trebuie s\u0103 fie \u00een ambalajul original.<\/p>\n<p style=\"text-align: left;\">Mai multe tipuri de bunuri sunt scutite de a fi returnate. Bunurile perisabile, cum ar fi alimentele, nu pot fi returnate. De asemenea, nu accept\u0103m produse care sunt bunuri intime sau sanitare, materiale periculoase sau lichide sau gaze inflamabile.<\/p>\n<p style=\"text-align: left;\">Articole suplimentare nerambursabile:<br \/>* Carduri cadou<\/p>\n<p style=\"text-align: left;\">Pentru a finaliza returnarea, avem nevoie de o chitan\u021b\u0103 sau o dovad\u0103 de cump\u0103rare.<\/p>\n<p style=\"text-align: left;\">V\u0103 rug\u0103m s\u0103 nu retrimite\u021bi achizi\u021bia c\u0103tre produc\u0103tor.<\/p>\n<p style=\"text-align: left;\">Exist\u0103 anumite situa\u021bii \u00een care se acord\u0103 numai ramburs\u0103ri par\u021biale: (dac\u0103 este cazul)<br \/>* Orice articol care nu se afl\u0103 \u00een starea ini\u021bial\u0103, este deteriorat sau lipse\u0219te piese din motive care nu se datoreaz\u0103 erorii noastre.<br \/>* Orice articol returnat la mai mult de 30 de zile de la livrare<\/p>\n<p style=\"text-align: left;\">Ramburs\u0103ri (dac\u0103 este cazul)<br \/>Odat\u0103 ce returnarea dvs. este primit\u0103 \u0219i verificat\u0103, v\u0103 vom trimite un e-mail pentru a v\u0103 anun\u021ba c\u0103 am primit articolul returnat. De asemenea, v\u0103 vom notifica cu privire la aprobarea sau respingerea ramburs\u0103rii.<br \/>Dac\u0103 sunte\u021bi aprobat, atunci rambursarea dvs. va fi procesat\u0103 \u0219i un credit va fi aplicat automat cardului de credit sau metodei de plat\u0103 ini\u021biale, \u00eentr-o anumit\u0103 perioad\u0103 de zile.<\/p>\n<p style=\"text-align: left;\">Ramburs\u0103ri cu \u00eent\u00e2rziere sau lips\u0103 (dac\u0103 este cazul)<br \/>Dac\u0103 nu a\u021bi primit \u00eenc\u0103 o rambursare, verifica\u021bi mai \u00eent\u00e2i din nou contul dvs. bancar.<br \/>Apoi contacta\u021bi compania dvs. de card de credit, poate dura ceva timp p\u00e2n\u0103 c\u00e2nd rambursarea dvs. va fi publicat\u0103 oficial.<br \/>Apoi contacta\u021bi banca dvs. Exist\u0103 adesea o perioad\u0103 de procesare \u00eenainte de a fi publicat\u0103 o rambursare.<br \/>Dac\u0103 a\u021bi f\u0103cut toate acestea \u0219i \u00eenc\u0103 nu a\u021bi primit rambursarea, v\u0103 rug\u0103m s\u0103 ne contacta\u021bi la asconi@asconi.md.<\/p>\n<p style=\"text-align: left;\">Articole de v\u00e2nzare (dac\u0103 este cazul)<br \/>Numai articolele cu pre\u021b obi\u0219nuit pot fi rambursate, din p\u0103cate articolele din v\u00e2nzare nu pot fi rambursate.<\/p>\n<p style=\"text-align: left;\">Schimburi (dac\u0103 este cazul)<br \/>\u00cenlocuim articolele numai dac\u0103 sunt defecte sau deteriorate. Dac\u0103 trebuie s\u0103 \u00eel schimba\u021bi pentru acela\u0219i articol, trimite\u021bi-ne un e-mail la asconi@asconi.md \u0219i trimite\u021bi articolul dvs. la: Satul Puhoi, raionul Ialoveni, AN, MD6824, Moldova, Republica Moldova.<\/p>\n<p style=\"text-align: left;\">Cadouri<br \/>Dac\u0103 articolul a fost marcat drept cadou atunci c\u00e2nd a\u021bi cump\u0103rat \u0219i livrat direct c\u0103tre dvs., ve\u021bi primi un credit cadou pentru valoarea return\u0103rii. Dup\u0103 primirea articolului returnat, vi se va trimite un certificat cadou.<\/p>\n<p style=\"text-align: left;\">\u00cen cazul \u00een care articolul nu a fost marcat ca cadou atunci c\u00e2nd a fost achizi\u021bionat, sau dac\u0103 cadoul care a primit-o a primit livrarea c\u0103tre ei \u00een\u0219i\u0219i pentru a vi-l oferi ulterior, vom trimite o rambursare cadoului \u0219i acesta va afla despre returnarea dvs.<\/p>\n<p style=\"text-align: left;\">livrare<br \/>Pentru a returna produsul, trebuie s\u0103 trimite\u021bi produsul prin po\u0219t\u0103 la: Satul Puhoi, raionul Ialoveni, AN, MD6824, Republica Moldova.<\/p>\n<p style=\"text-align: left;\">Ve\u021bi fi responsabil pentru plata propriilor costuri de expediere pentru returnarea articolului. Costurile de transport nu sunt rambursabile. Dac\u0103 primi\u021bi o rambursare, costul expedierii de returnare va fi dedus din rambursare.<\/p>\n<p style=\"text-align: left;\">\u00cen func\u021bie de locul \u00een care locui\u021bi, timpul necesar pentru ca produsul dvs. schimbat s\u0103 ajung\u0103 la dvs. poate varia.<\/p>\n<p style=\"text-align: left;\">Dac\u0103 expedia\u021bi un articol de peste 75 USD, ar trebui s\u0103 lua\u021bi \u00een considerare utilizarea unui serviciu de expediere urm\u0103rit sau achizi\u021bionarea unei asigur\u0103ri de expediere. Nu garant\u0103m c\u0103 vom primi articolul returnat.<\/p>\n<p>[\/et_pb_text][\/et_pb_column][\/et_pb_row][\/et_pb_section]<\/p>\n","protected":false},"excerpt":{"rendered":"<p>Politica de anulare\/returnare a comenzilor din e-magazinul de vinuri Anularea unei comenzi trebuie f\u0103cut\u0103 \u00een termen de 2 ore de la plasarea comenziiDe obicei nu accept\u0103m return\u0103ri de sticle de vin. Returul poate fi acceptat numai \u00een urm\u0103toarele cazuri:Produsul este stricatProdusul a fost comandat din gre\u0219eala \u0219i se returneaza la livrare. Condi\u0163iile de returnare \u015fi [&hellip;]<\/p>\n","protected":false},"author":1,"featured_media":0,"parent":0,"menu_order":14,"comment_status":"closed","ping_status":"closed","template":"","meta":{"_et_pb_use_builder":"on","_et_pb_old_content":"<!-- wp:divi\/placeholder \/-->","_et_gb_content_width":"","inline_featured_image":false,"footnotes":""},"class_list":["post-502","page","type-page","status-publish","hentry"],"_links":{"self":[{"href":"https:\/\/asconiwinery.com\/ro\/wp-json\/wp\/v2\/pages\/502","targetHints":{"allow":["GET"]}}],"collection":[{"href":"https:\/\/asconiwinery.com\/ro\/wp-json\/wp\/v2\/pages"}],"about":[{"href":"https:\/\/asconiwinery.com\/ro\/wp-json\/wp\/v2\/types\/page"}],"author":[{"embeddable":true,"href":"https:\/\/asconiwinery.com\/ro\/wp-json\/wp\/v2\/users\/1"}],"replies":[{"embeddable":true,"href":"https:\/\/asconiwinery.com\/ro\/wp-json\/wp\/v2\/comments?post=502"}],"version-history":[{"count":6,"href":"https:\/\/asconiwinery.com\/ro\/wp-json\/wp\/v2\/pages\/502\/revisions"}],"predecessor-version":[{"id":3730,"href":"https:\/\/asconiwinery.com\/ro\/wp-json\/wp\/v2\/pages\/502\/revisions\/3730"}],"wp:attachment":[{"href":"https:\/\/asconiwinery.com\/ro\/wp-json\/wp\/v2\/media?parent=502"}],"curies":[{"name":"wp","href":"https:\/\/api.w.org\/{rel}","templated":true}]}}