{"id":2211,"date":"2021-05-18T14:15:30","date_gmt":"2021-05-18T14:15:30","guid":{"rendered":"https:\/\/asconiwinery.com\/?post_type=product&#038;p=2211"},"modified":"2026-02-06T16:54:31","modified_gmt":"2026-02-06T14:54:31","slug":"uneori-glera","status":"publish","type":"product","link":"https:\/\/asconiwinery.com\/ro\/produs\/uneori-glera\/","title":{"rendered":"UNEORI Glera, vin spumant alb brut"},"content":{"rendered":"<p>[et_pb_section fb_built=&#8221;1&#8243; _builder_version=&#8221;4.16&#8243; custom_padding=&#8221;0px||||false|false&#8221; global_colors_info=&#8221;{}&#8221;][et_pb_row _builder_version=&#8221;4.16&#8243; background_size=&#8221;initial&#8221; background_position=&#8221;top_left&#8221; background_repeat=&#8221;repeat&#8221; width=&#8221;100%&#8221; custom_padding=&#8221;0px||0px||false|false&#8221; global_colors_info=&#8221;{}&#8221;][et_pb_column type=&#8221;4_4&#8243; _builder_version=&#8221;4.16&#8243; custom_padding=&#8221;|||&#8221; global_colors_info=&#8221;{}&#8221; custom_padding__hover=&#8221;|||&#8221;][et_pb_wc_breadcrumb _builder_version=&#8221;4.16&#8243; body_font=&#8221;Nunito|||on|||||&#8221; body_text_color=&#8221;#000000&#8243; body_font_size=&#8221;14px&#8221; body_line_height=&#8221;1.8em&#8221; global_colors_info=&#8221;{}&#8221;][\/et_pb_wc_breadcrumb][et_pb_wc_cart_notice _builder_version=&#8221;4.16&#8243; title_font=&#8221;Nunito|||on|||||&#8221; title_text_color=&#8221;#000000&#8243; title_font_size=&#8221;14px&#8221; background_color=&#8221;#FFFFFF&#8221; custom_button=&#8221;on&#8221; button_text_size=&#8221;17px&#8221; button_text_color=&#8221;#b9523b&#8221; button_bg_color=&#8221;#FFFFFF&#8221; button_border_width=&#8221;1px&#8221; button_border_color=&#8221;#b9523b&#8221; button_border_radius=&#8221;0px&#8221; button_font=&#8221;Nunito|||on|||||&#8221; button_use_icon=&#8221;off&#8221; button_custom_padding=&#8221;25px|30px|25px|30px|false|false&#8221; body_font=&#8221;Nunito|||on|||||&#8221; body_text_color=&#8221;#000000&#8243; body_font_size=&#8221;14px&#8221; global_colors_info=&#8221;{}&#8221; button_bg_color__hover_enabled=&#8221;on|hover&#8221; button_bg_color__hover=&#8221;#b9523b&#8221; button_bg_enable_color__hover=&#8221;on&#8221; button_text_color__hover_enabled=&#8221;on|hover&#8221; button_text_color__hover=&#8221;#FFFFFF&#8221;][\/et_pb_wc_cart_notice][\/et_pb_column][\/et_pb_row][et_pb_row column_structure=&#8221;1_2,1_2&#8243; _builder_version=&#8221;4.16&#8243; background_size=&#8221;initial&#8221; background_position=&#8221;top_left&#8221; background_repeat=&#8221;repeat&#8221; width=&#8221;100%&#8221; custom_padding=&#8221;0px||||false|false&#8221; global_colors_info=&#8221;{}&#8221;][et_pb_column type=&#8221;1_2&#8243; _builder_version=&#8221;4.16&#8243; custom_padding=&#8221;|||&#8221; global_colors_info=&#8221;{}&#8221; custom_padding__hover=&#8221;|||&#8221;][et_pb_wc_images sale_badge_color=&#8221;#b9523b&#8221; _builder_version=&#8221;4.16&#8243; sale_badge_font=&#8221;Nunito|||on|||||&#8221; sale_badge_font_size=&#8221;14px&#8221; global_colors_info=&#8221;{}&#8221;][\/et_pb_wc_images][\/et_pb_column][et_pb_column type=&#8221;1_2&#8243; _builder_version=&#8221;4.16&#8243; custom_padding=&#8221;|||&#8221; global_colors_info=&#8221;{}&#8221; custom_padding__hover=&#8221;|||&#8221;][et_pb_wc_title _builder_version=&#8221;4.16&#8243; header_font=&#8221;Nunito||||||||&#8221; global_colors_info=&#8221;{}&#8221;][\/et_pb_wc_title][et_pb_wc_rating _builder_version=&#8221;4.16&#8243; body_font=&#8221;Nunito||||||||&#8221; global_colors_info=&#8221;{}&#8221;][\/et_pb_wc_rating][et_pb_wc_price _builder_version=&#8221;4.16&#8243; body_font=&#8221;Nunito||||||||&#8221; body_font_size=&#8221;30px&#8221; before_sale_price_font_size=&#8221;30px&#8221; sale_price_font=&#8221;||||||||&#8221; sale_price_text_color=&#8221;#b9523b&#8221; sale_price_font_size=&#8221;30px&#8221; global_colors_info=&#8221;{}&#8221;][\/et_pb_wc_price][et_pb_wc_add_to_cart _builder_version=&#8221;4.16&#8243; fields_background_color=&#8221;#FFFFFF&#8221; fields_text_color=&#8221;#b9523b&#8221; fields_focus_background_color=&#8221;#FFFFFF&#8221; fields_focus_text_color=&#8221;#b9523b&#8221; fields_custom_margin=&#8221;||||false|false&#8221; fields_custom_padding=&#8221;||||false|false&#8221; dropdown_menus_custom_margin=&#8221;||||false|false&#8221; fields_font=&#8221;Nunito||||||||&#8221; fields_font_size=&#8221;17px&#8221; dropdown_menus_font=&#8221;Nunito||||||||&#8221; custom_button=&#8221;on&#8221; button_text_size=&#8221;17px&#8221; button_text_color=&#8221;#b9523b&#8221; button_bg_color=&#8221;#FFFFFF&#8221; button_border_width=&#8221;1px&#8221; button_border_radius=&#8221;0px&#8221; button_font=&#8221;Nunito|||on|||||&#8221; button_use_icon=&#8221;off&#8221; button_custom_padding=&#8221;25px|30px|25px|30px|false|false&#8221; custom_padding=&#8221;||||false|false&#8221; border_radii_fields=&#8221;on|0px|0px|0px|0px&#8221; border_width_all_fields=&#8221;1px&#8221; border_color_all_fields=&#8221;#b9523b&#8221; global_colors_info=&#8221;{}&#8221; button_bg_color__hover_enabled=&#8221;on|hover&#8221; button_bg_color__hover=&#8221;#b9523b&#8221; button_bg_enable_color__hover=&#8221;on&#8221; button_text_color__hover_enabled=&#8221;on|hover&#8221; button_text_color__hover=&#8221;#FFFFFF&#8221;][\/et_pb_wc_add_to_cart][et_pb_wc_description _builder_version=&#8221;4.16&#8243; body_font=&#8221;Nunito||||||||&#8221; body_line_height=&#8221;1.8em&#8221; header_font=&#8221;Nunito||||||||&#8221; global_colors_info=&#8221;{}&#8221;][\/et_pb_wc_description][\/et_pb_column][\/et_pb_row][et_pb_row _builder_version=&#8221;4.16&#8243; background_size=&#8221;initial&#8221; background_position=&#8221;top_left&#8221; background_repeat=&#8221;repeat&#8221; width=&#8221;100%&#8221; global_colors_info=&#8221;{}&#8221;][et_pb_column type=&#8221;4_4&#8243; _builder_version=&#8221;4.16&#8243; custom_padding=&#8221;|||&#8221; global_colors_info=&#8221;{}&#8221; custom_padding__hover=&#8221;|||&#8221;][et_pb_wc_additional_info show_title=&#8221;off&#8221; _builder_version=&#8221;4.16&#8243; _module_preset=&#8221;default&#8221; body_font=&#8221;Nunito||on||||||&#8221; body_font_size=&#8221;17px&#8221; header_font=&#8221;Nunito|||on|||||&#8221; header_font_size=&#8221;14px&#8221; attribute_font=&#8221;Nunito|||on|||||&#8221; attribute_font_size=&#8221;15px&#8221; global_colors_info=&#8221;{}&#8221;][\/et_pb_wc_additional_info][et_pb_wc_related_products sale_badge_color=&#8221;#b9523b&#8221; disabled_on=&#8221;on|on|off&#8221; _builder_version=&#8221;4.16&#8243; _module_preset=&#8221;default&#8221; title_font=&#8221;Nunito|||on|||||&#8221; title_font_size=&#8221;15px&#8221; price_font=&#8221;Nunito||||||||&#8221; price_text_color=&#8221;#000000&#8243; price_font_size=&#8221;17px&#8221; sale_badge_font=&#8221;Nunito|||on|||||&#8221; sale_badge_font_size=&#8221;14px&#8221; sale_price_font=&#8221;|600|||||||&#8221; sale_price_text_color=&#8221;#b9523b&#8221; global_colors_info=&#8221;{}&#8221;][\/et_pb_wc_related_products][et_pb_wc_related_products columns_number=&#8221;1&#8243; sale_badge_color=&#8221;#b9523b&#8221; disabled_on=&#8221;off|on|on&#8221; module_class=&#8221;custom-related&#8221; _builder_version=&#8221;4.16&#8243; _module_preset=&#8221;default&#8221; title_font=&#8221;Nunito|||on|||||&#8221; title_font_size=&#8221;15px&#8221; price_font=&#8221;Nunito||||||||&#8221; price_text_color=&#8221;#000000&#8243; price_font_size=&#8221;17px&#8221; sale_badge_font=&#8221;Nunito|||on|||||&#8221; sale_badge_font_size=&#8221;14px&#8221; sale_price_font=&#8221;|600|||||||&#8221; sale_price_text_color=&#8221;#b9523b&#8221; global_colors_info=&#8221;{}&#8221;][\/et_pb_wc_related_products][\/et_pb_column][\/et_pb_row][\/et_pb_section]<\/p>\n","protected":false},"excerpt":{"rendered":"<p>Glera noastr\u0103, \u00een stil brut, impresioneaz\u0103 prin aromele sale de m\u0103r verde, pepene galben \u0219i pere, care o fac s\u0103 par\u0103 u\u0219or mai dulce dec\u00e2t este. \u00cen pahar flute, bulele fine \u0219i uniforme eviden\u021biaz\u0103 calitatea vinului. Gustativ, deschide note de gutui, pere \u0219i m\u0103r copt, cu un post-gust mediu.<\/p>\n","protected":false},"featured_media":2553,"comment_status":"open","ping_status":"closed","template":"","meta":{"_et_pb_use_builder":"on","_et_pb_old_content":"","_et_gb_content_width":"","inline_featured_image":false},"product_brand":[],"product_cat":[34],"product_tag":[],"class_list":{"0":"post-2211","1":"product","2":"type-product","3":"status-publish","4":"has-post-thumbnail","6":"product_cat-uneori","8":"first","9":"instock","10":"taxable","11":"shipping-taxable","12":"purchasable","13":"product-type-simple"},"_links":{"self":[{"href":"https:\/\/asconiwinery.com\/ro\/wp-json\/wp\/v2\/product\/2211","targetHints":{"allow":["GET"]}}],"collection":[{"href":"https:\/\/asconiwinery.com\/ro\/wp-json\/wp\/v2\/product"}],"about":[{"href":"https:\/\/asconiwinery.com\/ro\/wp-json\/wp\/v2\/types\/product"}],"replies":[{"embeddable":true,"href":"https:\/\/asconiwinery.com\/ro\/wp-json\/wp\/v2\/comments?post=2211"}],"wp:featuredmedia":[{"embeddable":true,"href":"https:\/\/asconiwinery.com\/ro\/wp-json\/wp\/v2\/media\/2553"}],"wp:attachment":[{"href":"https:\/\/asconiwinery.com\/ro\/wp-json\/wp\/v2\/media?parent=2211"}],"wp:term":[{"taxonomy":"product_brand","embeddable":true,"href":"https:\/\/asconiwinery.com\/ro\/wp-json\/wp\/v2\/product_brand?post=2211"},{"taxonomy":"product_cat","embeddable":true,"href":"https:\/\/asconiwinery.com\/ro\/wp-json\/wp\/v2\/product_cat?post=2211"},{"taxonomy":"product_tag","embeddable":true,"href":"https:\/\/asconiwinery.com\/ro\/wp-json\/wp\/v2\/product_tag?post=2211"}],"curies":[{"name":"wp","href":"https:\/\/api.w.org\/{rel}","templated":true}]}}